{"id":16,"date":"2014-02-12T18:03:20","date_gmt":"2014-02-12T18:03:20","guid":{"rendered":"https:\/\/blantuss.asapro.com.br\/?page_id=16"},"modified":"2018-02-26T06:19:31","modified_gmt":"2018-02-26T06:19:31","slug":"servicos","status":"publish","type":"page","link":"https:\/\/blantuss.asapro.com.br\/?page_id=16","title":{"rendered":"Tecnologias"},"content":{"rendered":"<p>[vc_row][vc_column width=&#8221;1\/2&#8243;][vc_column_text]<\/p>\n<h2>Microscopia operat\u00f3ria<\/h2>\n<p>Todo procedimento operat\u00f3rio est\u00e1 baseado em uma boa visualiza\u00e7\u00e3o e ilumina\u00e7\u00e3o da regi\u00e3o a ser trabalhada. L\u00e2mpadas e lupas foram utilizadas durante muitos anos para essa finalidade.<\/p>\n<p>Com o desenvolvimento de novas tecnologias na \u00e1rea m\u00e9dica especializada, a visualiza\u00e7\u00e3o sofreu grandes evolu\u00e7\u00f5es. Hoje, otorrinolaringologistas, cirurgi\u00f5es vasculares, neurocirurgi\u00f5es e cirurgi\u00f5es dentistas, principalmente endodontistas, podem dispor de sofisticados equipamentos que promovem uma ilumina\u00e7\u00e3o e magnifica\u00e7\u00e3o do campo operat\u00f3rio, os chamados microsc\u00f3pios cir\u00fargicos .<\/p>\n<p>Estes, s\u00e3o equipamentos que possuem controle na intensidade de luz e tamb\u00e9m na magnifica\u00e7\u00e3o, permitindo um aumento vari\u00e1vel entre 3 e 20 vezes do tamanho original, fazendo como que o profissional passe a enxergar estruturas que n\u00e3o s\u00e3o vis\u00edveis a olho nu.<\/p>\n<p>In\u00fameras s\u00e3o as vantagens do uso do microsc\u00f3pio na endodontia. Dentre elas podemos citar:<\/p>\n<ul>\n<li>Maior precis\u00e3o nos diagn\u00f3sticos.<\/li>\n<li>Melhor avalia\u00e7\u00e3o dos procedimentos realizados.<\/li>\n<li>Localiza\u00e7\u00e3o de canais calcificados ou obstru\u00eddos.<\/li>\n<li>Diagn\u00f3stico de fendas ou fraturas radiculares.<\/li>\n<li>Remo\u00e7\u00e3o de instrumentos fraturados.<\/li>\n<li>Diagn\u00f3stico e tratamento de perfura\u00e7\u00f5es.<\/li>\n<li>Precis\u00e3o nos procedimentos microcir\u00fargicos do peri\u00e1pice, deixando a cirurgia menos traum\u00e1tica e com um melhor p\u00f3s-operat\u00f3rio e progn\u00f3stico.<\/li>\n<li>Melhores resultados em microcirurgias pl\u00e1sticas gengivais<\/li>\n<\/ul>\n<p>Portanto, o uso do microsc\u00f3pio operat\u00f3rio, transforma a pr\u00e1tica endodontica, levando o n\u00edvel de trabalho \u00e0 excel\u00eancia.<\/p>\n<p>Desta forma, muitos casos que antes n\u00e3o poderiam ser tratados ou que tinham um progn\u00f3stico duvidoso, podem, com o uso da microscopia cir\u00fargica, serem resolvidos de forma segura e eficiente.<\/p>\n<p>Os tratamentos feitos atrav\u00e9s de microscopia operat\u00f3ria, podem ser filmados e fotografados facilitando o entendimento dos procedimentos realizados por parte dos pacientes assim como promove significante melhora da comunica\u00e7\u00e3o com o profissional indicador.<\/p>\n<p>O Professor Leandro Pereira iniciou o seu trabalho na \u00e1rea de microscopia operat\u00f3ria em 1998. Desde ent\u00e3o se dedicou ao desenvolvimento da microfotografia e microfilmagem atrav\u00e9s do microsc\u00f3pio. Desenvolveu tamb\u00e9m novas <a href=\"http:\/\/www.buy-trusted-tablets.com\">online pharmacy<\/a> alternativas microcir\u00fargicas sendo um dos pioneiros da microcirurgia endod\u00f4ntica (full) piezoel\u00e9trica. Atualmente divulga esta nova modalidade microcir\u00fargica ao redor do mundo com palestras ministradas em diversos pa\u00edses como Estados Unidos, Gr\u00e9cia, Bulg\u00e1ria, Peru, Espanha, M\u00e9xico, Inglaterra e Brasil.[\/vc_column_text][\/vc_column][vc_column width=&#8221;1\/2&#8243;][vc_single_image image=&#8221;814&#8243; border_color=&#8221;grey&#8221; img_link_target=&#8221;_self&#8221; img_size=&#8221;full&#8221;][vc_single_image image=&#8221;808&#8243; border_color=&#8221;grey&#8221; img_link_target=&#8221;_self&#8221; img_size=&#8221;full&#8221;][\/vc_column][\/vc_row][vc_row][vc_column width=&#8221;1\/2&#8243;][vc_column_text]<\/p>\n<h2>Seda\u00e7\u00e3o inalat\u00f3ria<\/h2>\n<p>Diariamente, muitos pacientes n\u00e3o v\u00e3o ao dentista ou desistem de consultas agendadas devido ao medo e ansiedade ao tratamento odontol\u00f3gico. Somente no Brasil, este n\u00famero \u00e9 maior que 40% da popula\u00e7\u00e3o. Diante deste fato, novos recursos tem chegado aos consult\u00f3rios odontol\u00f3gicos brasileiros visando resolver este problema. E um destes novos recursos \u00e9 a t\u00e9cnica de seda\u00e7\u00e3o inalat\u00f3ria.<\/p>\n<p>A seda\u00e7\u00e3o inalat\u00f3ria \u00e9 uma t\u00e9cnica amplamente utilizada por dentistas h\u00e1 v\u00e1rias d\u00e9cadas em v\u00e1rios pa\u00edses, e consiste na administra\u00e7\u00e3o ao paciente de uma mistura de \u00f3xido nitroso e oxig\u00eanio atrav\u00e9s de uma m\u00e1scara nasal e um flux\u00f4metro.<\/p>\n<p>Com o desenvolvimento de novos equipamentos, atualmente \u00e9 poss\u00edvel para o cirurgi\u00e3o-dentista individualizar a dose necess\u00e1ria de \u00f3xido nitroso para cada paciente, desde crian\u00e7as at\u00e9 idosos. Isto permite um maior conforto e relaxamento ao paciente durante todo o procedimento odontol\u00f3gico.<\/p>\n<p>Al\u00e9m disso, a seda\u00e7\u00e3o inalat\u00f3ria possui outras vantagens:<\/p>\n<ul>\n<li>Administra\u00e7\u00e3o cont\u00ednua de oxig\u00eanio durante todo o procedimento, o que favorece uma melhor condi\u00e7\u00e3o de tratamento ao paciente;<\/li>\n<li>R\u00e1pido in\u00edcio dos efeitos (menos de 10 minutos), n\u00e3o interferindo na din\u00e2mica do atendimento;<\/li>\n<li>Permite que o paciente fique acordado, com seus reflexos intactos e conversando com o dentista;<\/li>\n<li>Seguran\u00e7a e praticidade, permitindo que o paciente retome suas atividades normais ap\u00f3s o procedimento.<\/li>\n<\/ul>\n<p>[\/vc_column_text][\/vc_column][vc_column width=&#8221;1\/2&#8243;][vc_single_image image=&#8221;371&#8243; border_color=&#8221;grey&#8221; img_link_target=&#8221;_self&#8221; img_size=&#8221;full&#8221;][\/vc_column][\/vc_row][vc_row][vc_column width=&#8221;1\/1&#8243;][vc_row_inner][vc_column_inner width=&#8221;1\/2&#8243;][vc_single_image image=&#8221;381&#8243; border_color=&#8221;grey&#8221; img_link_target=&#8221;_self&#8221; img_size=&#8221;full&#8221;][\/vc_column_inner][vc_column_inner width=&#8221;1\/2&#8243;][vc_single_image image=&#8221;360&#8243; border_color=&#8221;grey&#8221; img_link_target=&#8221;_self&#8221; img_size=&#8221;full&#8221;][\/vc_column_inner][\/vc_row_inner][vc_column_text]<\/p>\n<h2>Radiografia digital<\/h2>\n<p>A Blantus realiza todos os exames radiogr\u00e1ficos atrav\u00e9s de pel\u00edculas digitais de f\u00f3sforo associadas a um aparelho de emiss\u00e3o de Raios-X de alta freq\u00fc\u00eancia reduzindo em mais de 10 vezes a quantidade de radia\u00e7\u00e3o para o paciente. Desta forma ocorre uma grande redu\u00e7\u00e3o no ac\u00famulo de radia\u00e7\u00e3o para o paciente ao longo de sua vida. Al\u00e9m disso, este sistema digital colabora com o meio ambiente pois n\u00e3o utiliza subst\u00e2ncias qu\u00edmicas de revela\u00e7\u00e3o que causam contamina\u00e7\u00e3o ambiental.[\/vc_column_text][\/vc_column][\/vc_row][vc_row][vc_column width=&#8221;1\/1&#8243;][vc_column_text]<\/p>\n<h2>Ultrassom<\/h2>\n<p>A utiliza\u00e7\u00e3o do ultrassom na \u00e1rea de endodontia \u00e9 fundamental. Seu uso associado \u00e0 microscopia operat\u00f3ria possibilita a realiza\u00e7\u00e3o de desgastes extremamente precisos. Assim sendo, \u00e9 poss\u00edvel ser menos invasivo, mais delicado e obtendo com isso preserva\u00e7\u00e3o de estruturas dentais sadias e maior conforto para o paciente.<\/p>\n<p>Em microcirugias endod\u00f4nticas piezel\u00e9tricas, o ultrassom colabora n\u00e3o apenas com a execu\u00e7\u00e3o t\u00e9cnica do procedimento mas tamb\u00e9m estimula um r\u00e1pido reparo \u00f3sseo e menos inflama\u00e7\u00e3o trazendo melhores p\u00f3s operat\u00f3rios para os pacientes.<\/p>\n<p>[\/vc_column_text][\/vc_column][\/vc_row][vc_row][vc_column width=&#8221;1\/2&#8243;][vc_column_text]<\/p>\n<h2>Desfibrilador Externo Autom\u00e1tico<\/h2>\n<p>&nbsp;<\/p>\n<p>O Desfibrilador Externo Autom\u00e1tico (DEA) \u00e9 um aparelho que diagnostica as arritmias card\u00edacas de fibrila\u00e7\u00e3o ventricular e taquicardia ventricular.<\/p>\n<p>O DEA \u00e9 capaz de tratar tais ocorr\u00eancias por meio da desfibrila\u00e7\u00e3o que consiste na aplica\u00e7\u00e3o de uma corrente el\u00e9trica que faz com que o cora\u00e7\u00e3o retorne ao seu ritmo card\u00edaco normal.<\/p>\n<p>A legisla\u00e7\u00e3o brasileira determina que locais com circula\u00e7\u00e3o superior a 1000 pessoas por dia tenham no m\u00ednimo um Desfibrilador Externo Autom\u00e1tico (DEA).<\/p>\n<p>O Centro de Endodontia Blantus, preocupado em disponibilizar os melhores cuidados em sa\u00fade\u00a0aos\u00a0seus pacientes, possui um DEA dispon\u00edvel em local de f\u00e1cil acesso al\u00e9m de capacitar todos os seus profissionais para o seu uso.[\/vc_column_text][\/vc_column][vc_column width=&#8221;1\/2&#8243;][vc_single_image image=&#8221;486&#8243; border_color=&#8221;grey&#8221; img_link_target=&#8221;_self&#8221; img_size=&#8221;full&#8221;][\/vc_column][\/vc_row]<\/p>\n","protected":false},"excerpt":{"rendered":"<p>[vc_row][vc_column width=&#8221;1\/2&#8243;][vc_column_text] Microscopia operat\u00f3ria Todo procedimento operat\u00f3rio est\u00e1 baseado em uma boa visualiza\u00e7\u00e3o e ilumina\u00e7\u00e3o da regi\u00e3o a ser trabalhada. L\u00e2mpadas e lupas foram utilizadas durante muitos anos para essa finalidade. Com o desenvolvimento de novas tecnologias na \u00e1rea m\u00e9dica especializada, a visualiza\u00e7\u00e3o sofreu grandes evolu\u00e7\u00f5es. Hoje, otorrinolaringologistas, cirurgi\u00f5es vasculares, neurocirurgi\u00f5es e cirurgi\u00f5es dentistas, principalmente [&hellip;]<\/p>\n","protected":false},"author":2,"featured_media":0,"parent":0,"menu_order":0,"comment_status":"closed","ping_status":"closed","template":"template-full-width.php","meta":{"footnotes":""},"class_list":["post-16","page","type-page","status-publish","hentry"],"_links":{"self":[{"href":"https:\/\/blantuss.asapro.com.br\/index.php?rest_route=\/wp\/v2\/pages\/16","targetHints":{"allow":["GET"]}}],"collection":[{"href":"https:\/\/blantuss.asapro.com.br\/index.php?rest_route=\/wp\/v2\/pages"}],"about":[{"href":"https:\/\/blantuss.asapro.com.br\/index.php?rest_route=\/wp\/v2\/types\/page"}],"author":[{"embeddable":true,"href":"https:\/\/blantuss.asapro.com.br\/index.php?rest_route=\/wp\/v2\/users\/2"}],"replies":[{"embeddable":true,"href":"https:\/\/blantuss.asapro.com.br\/index.php?rest_route=%2Fwp%2Fv2%2Fcomments&post=16"}],"version-history":[{"count":19,"href":"https:\/\/blantuss.asapro.com.br\/index.php?rest_route=\/wp\/v2\/pages\/16\/revisions"}],"predecessor-version":[{"id":1186,"href":"https:\/\/blantuss.asapro.com.br\/index.php?rest_route=\/wp\/v2\/pages\/16\/revisions\/1186"}],"wp:attachment":[{"href":"https:\/\/blantuss.asapro.com.br\/index.php?rest_route=%2Fwp%2Fv2%2Fmedia&parent=16"}],"curies":[{"name":"wp","href":"https:\/\/api.w.org\/{rel}","templated":true}]}}