{"id":1615,"date":"2018-03-16T13:20:41","date_gmt":"2018-03-16T13:20:41","guid":{"rendered":"https:\/\/blantuss.asapro.com.br\/?page_id=1615"},"modified":"2021-02-24T13:07:03","modified_gmt":"2021-02-24T13:07:03","slug":"equipe","status":"publish","type":"page","link":"https:\/\/blantuss.asapro.com.br\/?page_id=1615","title":{"rendered":"Equipe"},"content":{"rendered":"<p>[vc_row][vc_column][vc_column_text]<\/p>\n<h1>Corpo Cl\u00ednico<\/h1>\n<p>[\/vc_column_text][vc_row_inner][vc_column_inner width=&#8221;1\/2&#8243;][vc_single_image image=&#8221;1644&#8243; img_size=&#8221;full&#8221; alignment=&#8221;center&#8221;][vc_column_text]<\/p>\n<h2>Profa. Luiza Salles A. Berti<\/h2>\n<p>CROSP 111.544<br \/>\nGraduada pela Faculdade de Odontologia S\u00e3o Leopoldo Mandic.<\/p>\n<p>Mestre em Radiologia e Imaginologia pela S\u00e3o Leopoldo Mandic.<\/p>\n<p>Doutoranda em Endodontia na UNICAMP &#8211; Faculdade de Odontologia de Piracicaba<\/p>\n<p>Especialista em Endodontia pela APCD<\/p>\n<p>Especialista em Estomatologista pela S\u00e3o Leopoldo Mandic.<\/p>\n<p>Autora de Diversos Artigos Cient\u00edficos em Revistas Internacionais de Relev\u00e2ncia.<br \/>\nHabilitada para o uso de Seda\u00e7\u00e3o Consciente Inalat\u00f3ria pela mistura de \u00d3xido Nitroso\/ Oxig\u00eanio.<br \/>\nSocorrista (SBV) pela American Heart Association.<br \/>\nProfessora Assistente da Equipe Blantus Cursos em Endodontia.<br \/>\nGanhadora dos Pr\u00eamios:<br \/>\n&#8211; Melhor caso cl\u00ednico no Congresso da Associa\u00e7\u00e3o Portuguesa de Odontologia Est\u00e9tica.<br \/>\n&#8211; Melhor trabalho de inicia\u00e7\u00e3o cient\u00edfica no SEMIC 2014.<br \/>\n&#8211; Melhor trabalho de conclus\u00e3o de curso da S\u00e3o Leopoldo Mandic.[\/vc_column_text][\/vc_column_inner][\/vc_row_inner][\/vc_column][\/vc_row][vc_row][vc_column][vc_column_text]<\/p>\n<h1>Assistentes<\/h1>\n<p>[\/vc_column_text][vc_row_inner][vc_column_inner width=&#8221;1\/3&#8243;][vc_single_image image=&#8221;1641&#8243; img_size=&#8221;full&#8221; alignment=&#8221;center&#8221;][vc_column_text]<\/p>\n<h2>Edn\u00e9ia Correa da Silva<\/h2>\n<p>Secret\u00e1ria.<br \/>\nSocorrista (SBV) pela American Heart Association.[\/vc_column_text][\/vc_column_inner][vc_column_inner width=&#8221;1\/3&#8243;][vc_single_image image=&#8221;1642&#8243; img_size=&#8221;full&#8221; alignment=&#8221;center&#8221;][vc_column_text]<\/p>\n<h2>Leticia Lehmann Ribeiro<\/h2>\n<p>CROSP ASB 28433<br \/>\nAuxiliar em Sa\u00fade Bucal<br \/>\nSocorrista (SBV) pela American Heart Association.[\/vc_column_text][\/vc_column_inner][vc_column_inner width=&#8221;1\/3&#8243;][vc_single_image image=&#8221;1640&#8243; img_size=&#8221;full&#8221; alignment=&#8221;center&#8221;][vc_column_text]<\/p>\n<h2>Natalia Angelo Campassi<\/h2>\n<p>CROSP ASB 28324<br \/>\nAuxiliar em Sa\u00fade Bucal<br \/>\nSocorrista (SBV) pela American Heart Association.[\/vc_column_text][\/vc_column_inner][\/vc_row_inner][\/vc_column][\/vc_row]<\/p>\n","protected":false},"excerpt":{"rendered":"<p>[vc_row][vc_column][vc_column_text] Corpo Cl\u00ednico [\/vc_column_text][vc_row_inner][vc_column_inner width=&#8221;1\/2&#8243;][vc_single_image image=&#8221;1644&#8243; img_size=&#8221;full&#8221; alignment=&#8221;center&#8221;][vc_column_text] Profa. Luiza Salles A. Berti CROSP 111.544 Graduada pela Faculdade de Odontologia S\u00e3o Leopoldo Mandic. Mestre em Radiologia e Imaginologia pela S\u00e3o Leopoldo Mandic. Doutoranda em Endodontia na UNICAMP &#8211; Faculdade de Odontologia de Piracicaba Especialista em Endodontia pela APCD Especialista em Estomatologista pela S\u00e3o Leopoldo Mandic. [&hellip;]<\/p>\n","protected":false},"author":2,"featured_media":0,"parent":0,"menu_order":0,"comment_status":"closed","ping_status":"closed","template":"","meta":{"footnotes":""},"class_list":["post-1615","page","type-page","status-publish","hentry"],"_links":{"self":[{"href":"https:\/\/blantuss.asapro.com.br\/index.php?rest_route=\/wp\/v2\/pages\/1615","targetHints":{"allow":["GET"]}}],"collection":[{"href":"https:\/\/blantuss.asapro.com.br\/index.php?rest_route=\/wp\/v2\/pages"}],"about":[{"href":"https:\/\/blantuss.asapro.com.br\/index.php?rest_route=\/wp\/v2\/types\/page"}],"author":[{"embeddable":true,"href":"https:\/\/blantuss.asapro.com.br\/index.php?rest_route=\/wp\/v2\/users\/2"}],"replies":[{"embeddable":true,"href":"https:\/\/blantuss.asapro.com.br\/index.php?rest_route=%2Fwp%2Fv2%2Fcomments&post=1615"}],"version-history":[{"count":11,"href":"https:\/\/blantuss.asapro.com.br\/index.php?rest_route=\/wp\/v2\/pages\/1615\/revisions"}],"predecessor-version":[{"id":2124,"href":"https:\/\/blantuss.asapro.com.br\/index.php?rest_route=\/wp\/v2\/pages\/1615\/revisions\/2124"}],"wp:attachment":[{"href":"https:\/\/blantuss.asapro.com.br\/index.php?rest_route=%2Fwp%2Fv2%2Fmedia&parent=1615"}],"curies":[{"name":"wp","href":"https:\/\/api.w.org\/{rel}","templated":true}]}}