{"id":1629,"date":"2018-03-18T19:07:12","date_gmt":"2018-03-18T19:07:12","guid":{"rendered":"https:\/\/blantuss.asapro.com.br\/?page_id=1629"},"modified":"2018-12-19T17:11:45","modified_gmt":"2018-12-19T17:11:45","slug":"cursos","status":"publish","type":"page","link":"https:\/\/blantuss.asapro.com.br\/?page_id=1629","title":{"rendered":"Cursos"},"content":{"rendered":"<p>[vc_row full_width=&#8221;stretch_row_content_no_spaces&#8221;][vc_column][vc_column_text][layerslider id=&#8221;1&#8243;][\/vc_column_text][\/vc_column][\/vc_row][vc_row][vc_column][vc_column_text]S\u00e3o duas modalidades de cursos, uma delas s\u00e3o as palestras em Congressos Nacionais e Internacionais. A outra, mais intensiva e de aplica\u00e7\u00e3o direta dos conhecimentos na pr\u00e1tica, s\u00e3o os cursos pr\u00e1ticos intensivos, de curta dura\u00e7\u00e3o que s\u00e3o oferecidos na estrutura do Centro Blantus.<\/p>\n<p>Para estes curso pr\u00e1ticos e intensivos, \u00e9 disponibilizada uma estrutura tecnol\u00f3gica dentro dos mesmos par\u00e2metros de atendimento propostos pela cl\u00ednica. Sendo assim, a maioria dos cursos conta com 10 vagas para os alunos. Para estes profissionais, s\u00e3o oferecidos 10 microsc\u00f3pios Zeiss, 10 motores el\u00e9tricos VDW Silver, 10 aparelhos de ultrassom, diferentes tipos de equipamentos para obtura\u00e7\u00e3o termoplastificada e de localizadores foraminais, motores el\u00e9tricos sem fio e controlados por iPAd.<\/p>\n<p>Os alunos n\u00e3o precisam se preocupar com listas de materiais pois al\u00e9m dos equipamentos, todos os materiais como instrumentos, limas, guta-percha, cimentos, materiais biocer\u00e2micos e EPI\u2019s s\u00e3o fornecidos pelo pr\u00f3prio curso.[\/vc_column_text][\/vc_column][\/vc_row][vc_row][vc_column][vc_column_text]<\/p>\n<h2>CURSOS INTENSIVOS E DE CURTA DURA\u00c7\u00c3O NO CENTRO DE ENDODONTIA BLANTUS:<\/h2>\n<p>[\/vc_column_text][vc_row_inner][vc_column_inner width=&#8221;1\/4&#8243;][vc_column_text][events_calendar category=&#8221;140&#8243;][\/vc_column_text][\/vc_column_inner][vc_column_inner width=&#8221;3\/4&#8243;][vc_column_text][events_list category=&#8221;140&#8243;][\/events_list]<\/p>\n<div class=\"evento\"><\/div>\n<p>[\/vc_column_text][\/vc_column_inner][\/vc_row_inner][\/vc_column][\/vc_row][vc_row][vc_column][vc_column_text]<\/p>\n<h2>PALESTRAS EM CONGRESSOS:<\/h2>\n<p>[\/vc_column_text][vc_row_inner][vc_column_inner width=&#8221;1\/4&#8243;][vc_column_text][events_calendar category=&#8221;141&#8243;][\/vc_column_text][\/vc_column_inner][vc_column_inner width=&#8221;3\/4&#8243;][vc_column_text][events_list category=&#8221;141&#8243;][\/events_list][\/vc_column_text][\/vc_column_inner][\/vc_row_inner][\/vc_column][\/vc_row][vc_row][vc_column][vc_column_text]<\/p>\n<h2>PARA MAIORES INFORMA\u00c7\u00d5ES SOBRE NOSSOS CURSOS, ENTRE EM CONTATO!<\/h2>\n<p>[\/vc_column_text][\/vc_column][\/vc_row][vc_row][vc_column][contact-form-7 id=&#8221;283&#8243;][\/vc_column][\/vc_row]<\/p>\n","protected":false},"excerpt":{"rendered":"<p>[vc_row full_width=&#8221;stretch_row_content_no_spaces&#8221;][vc_column][vc_column_text][layerslider id=&#8221;1&#8243;][\/vc_column_text][\/vc_column][\/vc_row][vc_row][vc_column][vc_column_text]S\u00e3o duas modalidades de cursos, uma delas s\u00e3o as palestras em Congressos Nacionais e Internacionais. A outra, mais intensiva e de aplica\u00e7\u00e3o direta dos conhecimentos na pr\u00e1tica, s\u00e3o os cursos pr\u00e1ticos intensivos, de curta dura\u00e7\u00e3o que s\u00e3o oferecidos na estrutura do Centro Blantus. Para estes curso pr\u00e1ticos e intensivos, \u00e9 disponibilizada uma estrutura [&hellip;]<\/p>\n","protected":false},"author":2,"featured_media":0,"parent":0,"menu_order":0,"comment_status":"closed","ping_status":"closed","template":"","meta":{"footnotes":""},"class_list":["post-1629","page","type-page","status-publish","hentry"],"_links":{"self":[{"href":"https:\/\/blantuss.asapro.com.br\/index.php?rest_route=\/wp\/v2\/pages\/1629","targetHints":{"allow":["GET"]}}],"collection":[{"href":"https:\/\/blantuss.asapro.com.br\/index.php?rest_route=\/wp\/v2\/pages"}],"about":[{"href":"https:\/\/blantuss.asapro.com.br\/index.php?rest_route=\/wp\/v2\/types\/page"}],"author":[{"embeddable":true,"href":"https:\/\/blantuss.asapro.com.br\/index.php?rest_route=\/wp\/v2\/users\/2"}],"replies":[{"embeddable":true,"href":"https:\/\/blantuss.asapro.com.br\/index.php?rest_route=%2Fwp%2Fv2%2Fcomments&post=1629"}],"version-history":[{"count":27,"href":"https:\/\/blantuss.asapro.com.br\/index.php?rest_route=\/wp\/v2\/pages\/1629\/revisions"}],"predecessor-version":[{"id":1882,"href":"https:\/\/blantuss.asapro.com.br\/index.php?rest_route=\/wp\/v2\/pages\/1629\/revisions\/1882"}],"wp:attachment":[{"href":"https:\/\/blantuss.asapro.com.br\/index.php?rest_route=%2Fwp%2Fv2%2Fmedia&parent=1629"}],"curies":[{"name":"wp","href":"https:\/\/api.w.org\/{rel}","templated":true}]}}