{"id":18,"date":"2014-02-12T18:04:04","date_gmt":"2014-02-12T18:04:04","guid":{"rendered":"https:\/\/blantuss.asapro.com.br\/?page_id=18"},"modified":"2018-02-26T06:19:31","modified_gmt":"2018-02-26T06:19:31","slug":"diferenciais","status":"publish","type":"page","link":"https:\/\/blantuss.asapro.com.br\/?page_id=18","title":{"rendered":"Diferenciais"},"content":{"rendered":"<p>[vc_row][vc_column width=&#8221;1\/1&#8243;][vc_single_image image=&#8221;819&#8243; border_color=&#8221;grey&#8221; img_link_target=&#8221;_self&#8221; img_size=&#8221;full&#8221;][\/vc_column][\/vc_row][vc_row][vc_column width=&#8221;1\/2&#8243;][vc_single_image image=&#8221;806&#8243; border_color=&#8221;grey&#8221; img_link_target=&#8221;_self&#8221; img_size=&#8221;full&#8221;][vc_single_image image=&#8221;259&#8243; border_color=&#8221;grey&#8221; img_link_target=&#8221;_self&#8221; img_size=&#8221;full&#8221;][vc_single_image image=&#8221;261&#8243; border_color=&#8221;grey&#8221; img_link_target=&#8221;_self&#8221; img_size=&#8221;full&#8221;][\/vc_column][vc_column width=&#8221;1\/2&#8243;][vc_column_text]<\/p>\n<h2>Comunica\u00e7\u00e3o<\/h2>\n<p>A utiliza\u00e7\u00e3o de todas estas tecnologias em conjunto favorecem a interatividade com o paciente bem como com os profissionais indicadores. Todas as imagens radiogr\u00e1ficas e cl\u00ednicas podem ser imediatamente vistas pelos pacientes em uma tela de LED. Estas mesmas imagens digitais em alta resolu\u00e7\u00e3o podem ser acessadas pelos dentistas indicadores. Ao final de todo tratamento \u00e9 emitido um relat\u00f3rio digital com os dados t\u00e9nicos do tratamento e suas respectivas imagens cl\u00ednicas. Este relat\u00f3rio com imagens proporciona ao profissional indicador a visualiza\u00e7\u00e3o total, passo a passo do tratamento realizado.<\/p>\n<h2>Para o cirurgi\u00e3o dentista reabilitador bucal e cl\u00ednico geral:<\/h2>\n<p>A Blantus \u00e9 uma Cl\u00ednica de Endodontia Microsc\u00f3pica Convencional e Micro-cir\u00fargica. A atua\u00e7\u00e3o exclusiva na \u00e1rea de Endodontia n\u00e3o gera problemas \u00e9ticos entre com outros profissionais que trabalham na \u00e1rea reabilitadora ou de dent\u00edfrica restauradora.<\/p>\n<p>Sua concep\u00e7\u00e3o e infra-estrutura tecnol\u00f3gica oferece aos reabilitadores orais solu\u00e7\u00f5es endod\u00f4nticas de qualidade para dar a base confi\u00e1vel \u00e0 suas futuras reabilita\u00e7\u00f5es bucal.<\/p>\n<p>A cl\u00ednica \u00e9 especializada na resolu\u00e7\u00e3o de casos endod\u00f4nticos complexos envolvendo dentes com perfura\u00e7\u00e3o radicular, grandes curvaturas, presen\u00e7a de pinos intrarradiculares, infec\u00e7\u00f5es persistentes, desvios de canais bem como canais entupidos e n\u00e3o localizados, diagn\u00f3sticos de dor e infec\u00e7\u00e3o e tratamento de pacientes com dificuldades de atingir anestesia adequada.<\/p>\n<p>Al\u00e9m da endodontia convecional, a Blantus possui solu\u00e7\u00f5es Microcir\u00fargicas Endod\u00f4nticas para a resolu\u00e7\u00e3o de insucessos endod\u00f4nticos de tratamentos endod\u00f4nticos j\u00e1 realizados evitando a perda de elementos dentais.<\/p>\n<p>[\/vc_column_text][\/vc_column][\/vc_row]<\/p>\n","protected":false},"excerpt":{"rendered":"<p>[vc_row][vc_column width=&#8221;1\/1&#8243;][vc_single_image image=&#8221;819&#8243; border_color=&#8221;grey&#8221; img_link_target=&#8221;_self&#8221; img_size=&#8221;full&#8221;][\/vc_column][\/vc_row][vc_row][vc_column width=&#8221;1\/2&#8243;][vc_single_image image=&#8221;806&#8243; border_color=&#8221;grey&#8221; img_link_target=&#8221;_self&#8221; img_size=&#8221;full&#8221;][vc_single_image image=&#8221;259&#8243; border_color=&#8221;grey&#8221; img_link_target=&#8221;_self&#8221; img_size=&#8221;full&#8221;][vc_single_image image=&#8221;261&#8243; border_color=&#8221;grey&#8221; img_link_target=&#8221;_self&#8221; img_size=&#8221;full&#8221;][\/vc_column][vc_column width=&#8221;1\/2&#8243;][vc_column_text] Comunica\u00e7\u00e3o A utiliza\u00e7\u00e3o de todas estas tecnologias em conjunto favorecem a interatividade com o paciente bem como com os profissionais indicadores. Todas as imagens radiogr\u00e1ficas e cl\u00ednicas podem ser imediatamente vistas pelos pacientes em uma [&hellip;]<\/p>\n","protected":false},"author":2,"featured_media":0,"parent":0,"menu_order":0,"comment_status":"closed","ping_status":"closed","template":"template-full-width.php","meta":{"footnotes":""},"class_list":["post-18","page","type-page","status-publish","hentry"],"_links":{"self":[{"href":"https:\/\/blantuss.asapro.com.br\/index.php?rest_route=\/wp\/v2\/pages\/18","targetHints":{"allow":["GET"]}}],"collection":[{"href":"https:\/\/blantuss.asapro.com.br\/index.php?rest_route=\/wp\/v2\/pages"}],"about":[{"href":"https:\/\/blantuss.asapro.com.br\/index.php?rest_route=\/wp\/v2\/types\/page"}],"author":[{"embeddable":true,"href":"https:\/\/blantuss.asapro.com.br\/index.php?rest_route=\/wp\/v2\/users\/2"}],"replies":[{"embeddable":true,"href":"https:\/\/blantuss.asapro.com.br\/index.php?rest_route=%2Fwp%2Fv2%2Fcomments&post=18"}],"version-history":[{"count":10,"href":"https:\/\/blantuss.asapro.com.br\/index.php?rest_route=\/wp\/v2\/pages\/18\/revisions"}],"predecessor-version":[{"id":821,"href":"https:\/\/blantuss.asapro.com.br\/index.php?rest_route=\/wp\/v2\/pages\/18\/revisions\/821"}],"wp:attachment":[{"href":"https:\/\/blantuss.asapro.com.br\/index.php?rest_route=%2Fwp%2Fv2%2Fmedia&parent=18"}],"curies":[{"name":"wp","href":"https:\/\/api.w.org\/{rel}","templated":true}]}}