{"id":1896,"date":"2019-02-11T05:28:10","date_gmt":"2019-02-11T05:28:10","guid":{"rendered":"https:\/\/blantuss.asapro.com.br\/?page_id=1896"},"modified":"2020-06-10T11:21:01","modified_gmt":"2020-06-10T11:21:01","slug":"play","status":"publish","type":"page","link":"https:\/\/blantuss.asapro.com.br\/?page_id=1896","title":{"rendered":"Blantus Play"},"content":{"rendered":"<p>[vc_row][vc_column][vc_column_text]<\/p>\n<h2>Os Cursos Blantus Play<\/h2>\n<h4>A plataforma de Cursos Online de Endodontia oferece uma metodologia de aprendizado atual e de f\u00e1cil alcance para Endodontistas e Cirurgi\u00f5es Dentistas Cl\u00ednicos Gerais.<\/h4>\n<p>[\/vc_column_text][vc_empty_space height=&#8221;25px&#8221;][\/vc_column][\/vc_row][vc_row][vc_column width=&#8221;1\/2&#8243;][vc_row_inner][vc_column_inner][vc_column_text]<\/p>\n<h4><strong><a href=\"https:\/\/blantuss.asapro.com.br\/endodontia-simples-e-eficaz\/\">Curso Online de Biocer\u00e2micos <\/a><\/strong><\/h4>\n<p>[\/vc_column_text][vc_video link=&#8221;https:\/\/youtu.be\/VlTdQJypyf4&#8243; src=&#8221;&#8220;https:\/\/www.youtube.com\/embed\/VlTdQJypyf4&#8220;&#8221; width=&#8221;&#8220;560&#8220;&#8221; height=&#8221;&#8220;315&#8220;&#8221; frameborder=&#8221;&#8220;0&#8220;&#8221;][\/vc_column_inner][\/vc_row_inner][vc_row_inner][vc_column_inner width=&#8221;1\/2&#8243;][vc_btn title=&#8221;Saiba mais&#8221; style=&#8221;custom&#8221; custom_background=&#8221;#386db2&#8243; custom_text=&#8221;#ffffff&#8221; size=&#8221;sm&#8221; align=&#8221;center&#8221; button_block=&#8221;true&#8221; link=&#8221;url:https%3A%2F%2Fblantuss.asapro.com.br%2Fbioceramicos%2F||target:%20_blank|&#8221;][\/vc_column_inner][vc_column_inner width=&#8221;1\/2&#8243;][vc_btn title=&#8221;Increva-se&#8221; style=&#8221;custom&#8221; custom_background=&#8221;#318ace&#8221; custom_text=&#8221;#ffffff&#8221; size=&#8221;sm&#8221; align=&#8221;center&#8221; button_block=&#8221;true&#8221; link=&#8221;url:https%3A%2F%2Fwww.hotmart.com%2Fproduct%2Ftratamento-das-perfuracoes-radiculares%2FC24273018M||target:%20_blank|&#8221;][\/vc_column_inner][\/vc_row_inner][vc_column_text]<\/p>\n<h4><strong><a href=\"https:\/\/blantuss.asapro.com.br\/endodontia-simples-e-eficaz\/\">Endodontia Simples e Eficaz<\/a><\/strong><\/h4>\n<p>[\/vc_column_text][vc_video link=&#8221;https:\/\/www.youtube.com\/watch?v=LoFprbUXGus&#8221;][vc_row_inner][vc_column_inner width=&#8221;1\/2&#8243;][vc_btn title=&#8221;Saiba mais&#8221; style=&#8221;custom&#8221; custom_background=&#8221;#386db2&#8243; custom_text=&#8221;#ffffff&#8221; size=&#8221;sm&#8221; align=&#8221;center&#8221; button_block=&#8221;true&#8221; link=&#8221;url:https%3A%2F%2Fwww.ident.com.br%2Fcursos-online%2Fcurso%2F968-tratamento-das-perfuracoes-radiculares|title:Acesso%20ao%20Curso|target:%20_blank|&#8221;][\/vc_column_inner][vc_column_inner width=&#8221;1\/2&#8243;][vc_btn title=&#8221;Increva-se&#8221; style=&#8221;custom&#8221; custom_background=&#8221;#318ace&#8221; custom_text=&#8221;#ffffff&#8221; size=&#8221;sm&#8221; align=&#8221;center&#8221; button_block=&#8221;true&#8221; link=&#8221;url:https%3A%2F%2Fblantus.sambaplay.tv%2Fcolecoes%2Fendodontia-simples-e-eficaz-(preparo-dos-canais-radiculares)-3793||target:%20_blank|&#8221;][\/vc_column_inner][\/vc_row_inner][vc_empty_space height=&#8221;15px&#8221;][vc_column_text]<\/p>\n<h4><strong><a href=\"https:\/\/blantuss.asapro.com.br\/o-diagnostico-e-o-tratamento-das-perfuracoes-radiculares\/\">O Diagn\u00f3stico e o Tratamento das Perfura\u00e7\u00f5es Radiculares<\/a><\/strong><\/h4>\n<p>[\/vc_column_text][vc_video link=&#8221;https:\/\/www.youtube.com\/watch?v=xWo_Z4l6aIc&#8221;][vc_row_inner][vc_column_inner width=&#8221;1\/2&#8243;][vc_btn title=&#8221;Saiba mais&#8221; style=&#8221;custom&#8221; custom_background=&#8221;#386db2&#8243; custom_text=&#8221;#ffffff&#8221; size=&#8221;sm&#8221; align=&#8221;center&#8221; button_block=&#8221;true&#8221; link=&#8221;url:https%3A%2F%2Fwww.ident.com.br%2Fcursos-online%2Fcurso%2F968-tratamento-das-perfuracoes-radiculares||target:%20_blank|&#8221;][\/vc_column_inner][vc_column_inner width=&#8221;1\/2&#8243;][vc_btn title=&#8221;Increva-se&#8221; style=&#8221;custom&#8221; custom_background=&#8221;#318ace&#8221; custom_text=&#8221;#ffffff&#8221; size=&#8221;sm&#8221; align=&#8221;center&#8221; button_block=&#8221;true&#8221; link=&#8221;url:https%3A%2F%2Fwww.ident.com.br%2Fcursos-online%2Fcurso%2F968-tratamento-das-perfuracoes-radiculares||target:%20_blank|&#8221;][\/vc_column_inner][\/vc_row_inner][vc_empty_space height=&#8221;15px&#8221;][vc_column_text]<\/p>\n<h4><strong>EN ESPA\u00d1OL: <a href=\"https:\/\/blantuss.asapro.com.br\/o-diagnostico-e-o-tratamento-das-perfuracoes-radiculares\/\">El Diagn\u00f3stico y los tratamientos de las Perforaciones Radiculares<\/a><\/strong><\/h4>\n<p>[\/vc_column_text][vc_video link=&#8221;https:\/\/youtu.be\/0s4H8RM5yc8&#8243;][vc_row_inner][vc_column_inner width=&#8221;1\/2&#8243;][vc_btn title=&#8221;Saiba mais&#8221; style=&#8221;custom&#8221; custom_background=&#8221;#386db2&#8243; custom_text=&#8221;#ffffff&#8221; size=&#8221;sm&#8221; align=&#8221;center&#8221; button_block=&#8221;true&#8221; link=&#8221;url:https%3A%2F%2Fhotmart.com%2Fproduct%2Fdiagnostico-y-tratamiento-de-las-perforaciones-radiculares%2FI24854257B||target:%20_blank|&#8221;][\/vc_column_inner][vc_column_inner width=&#8221;1\/2&#8243;][vc_btn title=&#8221;Increva-se&#8221; style=&#8221;custom&#8221; custom_background=&#8221;#318ace&#8221; custom_text=&#8221;#ffffff&#8221; size=&#8221;sm&#8221; align=&#8221;center&#8221; button_block=&#8221;true&#8221; link=&#8221;url:https%3A%2F%2Fpay.hotmart.com%2FI24854257B%3Foff%3Dp4y5yuxw%26sck%3DHOTMART_PRODUCT_PAGE%26checkoutMode%3D0%26bid%3D1585837902339||target:%20_blank|&#8221;][\/vc_column_inner][\/vc_row_inner][vc_empty_space height=&#8221;15px&#8221;][\/vc_column][vc_column width=&#8221;1\/2&#8243;][vc_column_text]Esta \u00e9 a primeira plataforma de cursos online exclusivamente Endod\u00f4ntica . \u00c9 coordenada pelo Prof. Dr. Leandro Pereira que tem experi\u00eancia docente em mais de 25 pa\u00edses ao redor do mundo. Conta tamb\u00e9m com a participa\u00e7\u00e3o de sua equipe Blantus.<\/p>\n<p>Nesta plataforma s\u00e3o oferecidos cursos com temas que abordam assuntos de interesse cl\u00ednico. T\u00e9cnicas simples e objetivas s\u00e3o explicadas passo a passo atrav\u00e9s de filmes de procedimentos em FullHD atrav\u00e9s do microsc\u00f3pio al\u00e9m de fotos, radiografias e tomografias. A parte cient\u00edfica tamb\u00e9m \u00e9 abordada por\u00e9m seu enfoque \u00e9 totalmente cl\u00ednico.<\/p>\n<p>Com esta metodologia de ensino eficaz, imediatamente ao final de cada curso o aluno ser\u00e1 capaz de\u00a0 reproduzir as t\u00e9cnicas propostas em seu pr\u00f3ximo paciente.<\/p>\n<p>O conte\u00fado das aulas pode ser acessado atrav\u00e9s de computadores, tablets ou mesmo pelo celular. Desta maneira, \u00e9 poss\u00edvel assistir as aulas em qualquer ambiente com acesso \u00e0 internet e a qualquer momento, inclusive no intervalo entre um paciente e outro. Dentro de cada um dos cursos, voc\u00ea tamb\u00e9m encontrar\u00e1 um material de complementar de suporte para download.<\/p>\n<p>Preocupados com a sua seguran\u00e7a e privacidade, o ambiente de compra \u00e9 de extrema seguran\u00e7a e preserva totalmente os seus dados. Al\u00e9m disso, para facilitar o seu acesso aos cursos, os pagamentos podem ser realizados em at\u00e9 10X pelo cart\u00e3o de cr\u00e9dito.<\/p>\n<p>Ap\u00f3s a compra de qualquer curso, voc\u00ea ter\u00e1 acesso ao conte\u00fado completo e material complementar para download durante 3 meses.[\/vc_column_text][\/vc_column][\/vc_row]<\/p>\n","protected":false},"excerpt":{"rendered":"<p>[vc_row][vc_column][vc_column_text] Os Cursos Blantus Play A plataforma de Cursos Online de Endodontia oferece uma metodologia de aprendizado atual e de f\u00e1cil alcance para Endodontistas e Cirurgi\u00f5es Dentistas Cl\u00ednicos Gerais. [\/vc_column_text][vc_empty_space height=&#8221;25px&#8221;][\/vc_column][\/vc_row][vc_row][vc_column width=&#8221;1\/2&#8243;][vc_row_inner][vc_column_inner][vc_column_text] Curso Online de Biocer\u00e2micos [\/vc_column_text][vc_video link=&#8221;https:\/\/youtu.be\/VlTdQJypyf4&#8243; src=&#8221;&#8220;https:\/\/www.youtube.com\/embed\/VlTdQJypyf4&#8220;&#8221; width=&#8221;&#8220;560&#8220;&#8221; height=&#8221;&#8220;315&#8220;&#8221; frameborder=&#8221;&#8220;0&#8220;&#8221;][\/vc_column_inner][\/vc_row_inner][vc_row_inner][vc_column_inner width=&#8221;1\/2&#8243;][vc_btn title=&#8221;Saiba mais&#8221; style=&#8221;custom&#8221; custom_background=&#8221;#386db2&#8243; custom_text=&#8221;#ffffff&#8221; size=&#8221;sm&#8221; align=&#8221;center&#8221; button_block=&#8221;true&#8221; link=&#8221;url:https%3A%2F%2Fblantuss.asapro.com.br%2Fbioceramicos%2F||target:%20_blank|&#8221;][\/vc_column_inner][vc_column_inner width=&#8221;1\/2&#8243;][vc_btn title=&#8221;Increva-se&#8221; style=&#8221;custom&#8221; [&hellip;]<\/p>\n","protected":false},"author":2,"featured_media":0,"parent":0,"menu_order":0,"comment_status":"closed","ping_status":"closed","template":"","meta":{"footnotes":""},"class_list":["post-1896","page","type-page","status-publish","hentry"],"_links":{"self":[{"href":"https:\/\/blantuss.asapro.com.br\/index.php?rest_route=\/wp\/v2\/pages\/1896","targetHints":{"allow":["GET"]}}],"collection":[{"href":"https:\/\/blantuss.asapro.com.br\/index.php?rest_route=\/wp\/v2\/pages"}],"about":[{"href":"https:\/\/blantuss.asapro.com.br\/index.php?rest_route=\/wp\/v2\/types\/page"}],"author":[{"embeddable":true,"href":"https:\/\/blantuss.asapro.com.br\/index.php?rest_route=\/wp\/v2\/users\/2"}],"replies":[{"embeddable":true,"href":"https:\/\/blantuss.asapro.com.br\/index.php?rest_route=%2Fwp%2Fv2%2Fcomments&post=1896"}],"version-history":[{"count":25,"href":"https:\/\/blantuss.asapro.com.br\/index.php?rest_route=\/wp\/v2\/pages\/1896\/revisions"}],"predecessor-version":[{"id":2132,"href":"https:\/\/blantuss.asapro.com.br\/index.php?rest_route=\/wp\/v2\/pages\/1896\/revisions\/2132"}],"wp:attachment":[{"href":"https:\/\/blantuss.asapro.com.br\/index.php?rest_route=%2Fwp%2Fv2%2Fmedia&parent=1896"}],"curies":[{"name":"wp","href":"https:\/\/api.w.org\/{rel}","templated":true}]}}