{"id":191,"date":"2014-04-29T03:12:42","date_gmt":"2014-04-29T03:12:42","guid":{"rendered":"https:\/\/blantuss.asapro.com.br\/?page_id=191"},"modified":"2021-11-11T06:27:32","modified_gmt":"2021-11-11T06:27:32","slug":"home-adicionais","status":"publish","type":"page","link":"https:\/\/blantuss.asapro.com.br\/?page_id=191","title":{"rendered":"Home-adicionais"},"content":{"rendered":"<p>[vc_row el_class=&#8221;home-block&#8221;][vc_column][vc_column_text]<\/p>\n<h1>Prof. Dr. Leandro A. P. Pereira, DDS, MSc, PhD<\/h1>\n<p>[\/vc_column_text][vc_row_inner][vc_column_inner width=&#8221;1\/6&#8243;][vc_single_image image=&#8221;1563&#8243; img_size=&#8221;120&#215;120&#8243; alignment=&#8221;center&#8221; style=&#8221;vc_box_circle&#8221;][\/vc_column_inner][vc_column_inner width=&#8221;5\/6&#8243;][vc_column_text]O Professor Leandro Pereira iniciou o seu trabalho na \u00e1rea de microscopia operat\u00f3ria em 1998. Desde ent\u00e3o se dedicou ao desenvolvimento da microfotografia e microfilmagem atrav\u00e9s do microsc\u00f3pio. Desenvolveu tamb\u00e9m novas alternativas microcirurgicas sendo um dos pioneiros da microcirurgia endod\u00f4ntica (full) piezoel\u00e9trica. Atualmente divulga esta nova modalidade microcirurgica ao redor do mundo com palestras ministradas em diversos pa\u00edses como\u00a0Gr\u00e9cia, Bulg\u00e1ria, Chile, Peru, Espanha, M\u00e9xico, Argentina, Portugal, Equador, Rep\u00fablica Dominicana, R\u00fassia, Pol\u00f4nia, \u00a0Rom\u00eania, Alemanha, Azerbaij\u00e3o, Ge\u00f3rgia, Col\u00f4mbia e Brasil. Em sua tese de doutorado desenvolveu o aplicativo Dental Simulador que trouxe uma proposta pedag\u00f3gica revolucion\u00e1ria no ensino mundial de t\u00e9cnicas anest\u00e9sicas em Odontologia.[\/vc_column_text][\/vc_column_inner][\/vc_row_inner][\/vc_column][\/vc_row][vc_row el_class=&#8221;home-block&#8221;][vc_column][vc_column_text]<\/p>\n<h1>Blog<\/h1>\n<p>[\/vc_column_text][vc_basic_grid post_type=&#8221;post&#8221; max_items=&#8221;3&#8243; grid_id=&#8221;vc_gid:1636612036865-fa3cae05bf2c997bcf6fec8b570bae31-7&#8243; taxonomies=&#8221;1&#8243;][\/vc_column][\/vc_row]<\/p>\n","protected":false},"excerpt":{"rendered":"<p>[vc_row el_class=&#8221;home-block&#8221;][vc_column][vc_column_text] Prof. Dr. Leandro A. P. Pereira, DDS, MSc, PhD [\/vc_column_text][vc_row_inner][vc_column_inner width=&#8221;1\/6&#8243;][vc_single_image image=&#8221;1563&#8243; img_size=&#8221;120&#215;120&#8243; alignment=&#8221;center&#8221; style=&#8221;vc_box_circle&#8221;][\/vc_column_inner][vc_column_inner width=&#8221;5\/6&#8243;][vc_column_text]O Professor Leandro Pereira iniciou o seu trabalho na \u00e1rea de microscopia operat\u00f3ria em 1998. Desde ent\u00e3o se dedicou ao desenvolvimento da microfotografia e microfilmagem atrav\u00e9s do microsc\u00f3pio. Desenvolveu tamb\u00e9m novas alternativas microcirurgicas sendo um dos pioneiros da [&hellip;]<\/p>\n","protected":false},"author":2,"featured_media":0,"parent":0,"menu_order":0,"comment_status":"closed","ping_status":"closed","template":"","meta":{"footnotes":""},"class_list":["post-191","page","type-page","status-publish","hentry"],"_links":{"self":[{"href":"https:\/\/blantuss.asapro.com.br\/index.php?rest_route=\/wp\/v2\/pages\/191","targetHints":{"allow":["GET"]}}],"collection":[{"href":"https:\/\/blantuss.asapro.com.br\/index.php?rest_route=\/wp\/v2\/pages"}],"about":[{"href":"https:\/\/blantuss.asapro.com.br\/index.php?rest_route=\/wp\/v2\/types\/page"}],"author":[{"embeddable":true,"href":"https:\/\/blantuss.asapro.com.br\/index.php?rest_route=\/wp\/v2\/users\/2"}],"replies":[{"embeddable":true,"href":"https:\/\/blantuss.asapro.com.br\/index.php?rest_route=%2Fwp%2Fv2%2Fcomments&post=191"}],"version-history":[{"count":33,"href":"https:\/\/blantuss.asapro.com.br\/index.php?rest_route=\/wp\/v2\/pages\/191\/revisions"}],"predecessor-version":[{"id":2364,"href":"https:\/\/blantuss.asapro.com.br\/index.php?rest_route=\/wp\/v2\/pages\/191\/revisions\/2364"}],"wp:attachment":[{"href":"https:\/\/blantuss.asapro.com.br\/index.php?rest_route=%2Fwp%2Fv2%2Fmedia&parent=191"}],"curies":[{"name":"wp","href":"https:\/\/api.w.org\/{rel}","templated":true}]}}