{"id":21,"date":"2014-02-12T18:05:16","date_gmt":"2014-02-12T18:05:16","guid":{"rendered":"https:\/\/blantuss.asapro.com.br\/?page_id=21"},"modified":"2019-12-18T14:31:54","modified_gmt":"2019-12-18T14:31:54","slug":"prof-leandro-a-p-pereira","status":"publish","type":"page","link":"https:\/\/blantuss.asapro.com.br\/?page_id=21","title":{"rendered":"Prof. Dr. Leandro A. P. Pereira"},"content":{"rendered":"<p>[vc_row][vc_column width=&#8221;1\/1&#8243;][vc_column_text]<\/p>\n<h1>Prof. Dr. Leandro A. P. Pereira, DDS, MSc, PhD &#8211; CROSP 66.246<\/h1>\n<p>[\/vc_column_text][\/vc_column][\/vc_row][vc_row][vc_column width=&#8221;1\/2&#8243;][vc_single_image image=&#8221;371&#8243; border_color=&#8221;grey&#8221; img_link_target=&#8221;_self&#8221; img_size=&#8221;full&#8221;][\/vc_column][vc_column width=&#8221;1\/2&#8243;][vc_column_text]O Professor Leandro Pereira iniciou o seu trabalho na \u00e1rea de microscopia operat\u00f3ria em 1998. Desde ent\u00e3o se dedicou ao desenvolvimento da microfotografia e microfilmagem atrav\u00e9s do microsc\u00f3pio. Desenvolveu tamb\u00e9m novas alternativas microcirurgicas sendo um dos pioneiros da microcirurgia endod\u00f4ntica (full) piezoel\u00e9trica. Atualmente divulga esta nova modalidade microcir\u00fargica ao redor do mundo com palestras ministradas em diversos pa\u00edses como Estados Unidos, Gr\u00e9cia, Bulg\u00e1ria, Chile, Peru, Espanha, M\u00e9xico, Argentina, Portugal, Equador, Rep\u00fablica Dominicana, R\u00fassia, Pol\u00f4nia, \u00a0Rom\u00eania, Alemanha, Col\u00f4mbia, Ge\u00f3rgia, Guatemala, Azerbaij\u00e3o, \u00c1ustria e Brasil.<\/p>\n<p>Graduado pela UNICAMP<\/p>\n<p>Especialista em Endodontia<\/p>\n<p>Mestre e Doutor em Farmacologia, Anestesiologia e Terap\u00eautica Medicamentosa FOP-UNICAMP Especialista em Endodontia \u2013 Microscopia Operat\u00f3ria \u2013 Seda\u00e7\u00e3o Inalat\u00f3ria<\/p>\n<p>Professor do Curso de P\u00f3s Gradua\u00e7\u00e3o em\u00a0Endodontia da Universidade da Catalu\u00f1a em\u00a0Barcelona na\u00a0Espanha<\/p>\n<p>Membro da American Association of Endodontists<\/p>\n<p>Palestrante Nacional e Internacional de Microcirurgia e Endodontia<\/p>\n<p>A natureza generalista da forma\u00e7\u00e3o do Prof. Leandro o levou \u00e0 autoria de v\u00e1rios Cap\u00edtulos em diversos livros de Odontologia.<\/p>\n<p>Socorrista (SBV) pela American Heart Association[\/vc_column_text][\/vc_column][\/vc_row]<\/p>\n","protected":false},"excerpt":{"rendered":"<p>[vc_row][vc_column width=&#8221;1\/1&#8243;][vc_column_text] Prof. Dr. Leandro A. P. Pereira, DDS, MSc, PhD &#8211; CROSP 66.246 [\/vc_column_text][\/vc_column][\/vc_row][vc_row][vc_column width=&#8221;1\/2&#8243;][vc_single_image image=&#8221;371&#8243; border_color=&#8221;grey&#8221; img_link_target=&#8221;_self&#8221; img_size=&#8221;full&#8221;][\/vc_column][vc_column width=&#8221;1\/2&#8243;][vc_column_text]O Professor Leandro Pereira iniciou o seu trabalho na \u00e1rea de microscopia operat\u00f3ria em 1998. Desde ent\u00e3o se dedicou ao desenvolvimento da microfotografia e microfilmagem atrav\u00e9s do microsc\u00f3pio. Desenvolveu tamb\u00e9m novas alternativas microcirurgicas sendo um [&hellip;]<\/p>\n","protected":false},"author":2,"featured_media":0,"parent":0,"menu_order":0,"comment_status":"closed","ping_status":"closed","template":"template-full-width.php","meta":{"footnotes":""},"class_list":["post-21","page","type-page","status-publish","hentry"],"_links":{"self":[{"href":"https:\/\/blantuss.asapro.com.br\/index.php?rest_route=\/wp\/v2\/pages\/21","targetHints":{"allow":["GET"]}}],"collection":[{"href":"https:\/\/blantuss.asapro.com.br\/index.php?rest_route=\/wp\/v2\/pages"}],"about":[{"href":"https:\/\/blantuss.asapro.com.br\/index.php?rest_route=\/wp\/v2\/types\/page"}],"author":[{"embeddable":true,"href":"https:\/\/blantuss.asapro.com.br\/index.php?rest_route=\/wp\/v2\/users\/2"}],"replies":[{"embeddable":true,"href":"https:\/\/blantuss.asapro.com.br\/index.php?rest_route=%2Fwp%2Fv2%2Fcomments&post=21"}],"version-history":[{"count":21,"href":"https:\/\/blantuss.asapro.com.br\/index.php?rest_route=\/wp\/v2\/pages\/21\/revisions"}],"predecessor-version":[{"id":2123,"href":"https:\/\/blantuss.asapro.com.br\/index.php?rest_route=\/wp\/v2\/pages\/21\/revisions\/2123"}],"wp:attachment":[{"href":"https:\/\/blantuss.asapro.com.br\/index.php?rest_route=%2Fwp%2Fv2%2Fmedia&parent=21"}],"curies":[{"name":"wp","href":"https:\/\/api.w.org\/{rel}","templated":true}]}}