{"id":28,"date":"2014-02-12T18:09:33","date_gmt":"2014-02-12T18:09:33","guid":{"rendered":"https:\/\/blantuss.asapro.com.br\/?page_id=28"},"modified":"2018-12-10T02:10:34","modified_gmt":"2018-12-10T02:10:34","slug":"contato","status":"publish","type":"page","link":"https:\/\/blantuss.asapro.com.br\/?page_id=28","title":{"rendered":"Contato"},"content":{"rendered":"<p>[vc_row][vc_column width=&#8221;2\/3&#8243;][vc_gmaps link=&#8221;#E-8_JTNDaWZyYW1lJTIwd2lkdGglM0QlMjI2OTQlMjIlMjBoZWlnaHQlM0QlMjIzNTAlMjIlMjBmcmFtZWJvcmRlciUzRCUyMjAlMjIlMjBzY3JvbGxpbmclM0QlMjJubyUyMiUyMG1hcmdpbmhlaWdodCUzRCUyMjAlMjIlMjBtYXJnaW53aWR0aCUzRCUyMjAlMjIlMjBzcmMlM0QlMjJodHRwcyUzQSUyRiUyRm1hcHMuZ29vZ2xlLmNvbSUyRm1hcHMlM0Z0JTNEbSUyNmFtcCUzQmhsJTNEZW4tVVMlMjZhbXAlM0JnbCUzRFVTJTI2YW1wJTNCbWFwY2xpZW50JTNEZW1iZWQlMjZhbXAlM0JxJTNEQXZlbmlkYSUyQkpvcyUyNUMzJTI1QTklMkJkZSUyQlNvdXphJTJCQ2FtcG9zJTJDJTJCMTA3MyUyQi0lMkJDYW1idSUyNUMzJTI1QUQlMkJDYW1waW5hcyUyQi0lMkJTUCUyQjEzMDI1LTMyMCUyQyUyQkJyYXppbCUyNmFtcCUzQmllJTNEVVRGOCUyNmFtcCUzQmhxJTNEJTI2YW1wJTNCaG5lYXIlM0RBdmVuaWRhJTJCSm9zJTI1QzMlMjVBOSUyQmRlJTJCU291emElMkJDYW1wb3MlMkMlMkIxMDczJTJCLSUyQkNhbWJ1JTI1QzMlMjVBRCUyQyUyQlMlMjVDMyUyNUEzbyUyQlBhdWxvJTJDJTJCMTMwMjUtMzIwJTJDJTJCQnJhemlsJTI2YW1wJTNCeiUzRDE0JTI2YW1wJTNCbGwlM0QtMjIuODk2MzExJTJDLTQ3LjA0NzIxMiUyNmFtcCUzQm91dHB1dCUzRGVtYmVkJTIyJTNFJTNDJTJGaWZyYW1lJTNFJTNDYnIlMjAlMkYlM0UlM0NzbWFsbCUzRSUzQ2ElMjBocmVmJTNEJTIyaHR0cHMlM0ElMkYlMkZtYXBzLmdvb2dsZS5jb20lMkZtYXBzJTNGdCUzRG0lMjZhbXAlM0JobCUzRGVuLVVTJTI2YW1wJTNCZ2wlM0RVUyUyNmFtcCUzQm1hcGNsaWVudCUzRGVtYmVkJTI2YW1wJTNCcSUzREF2ZW5pZGElMkJKb3MlMjVDMyUyNUE5JTJCZGUlMkJTb3V6YSUyQkNhbXBvcyUyQyUyQjEwNzMlMkItJTJCQ2FtYnUlMjVDMyUyNUFEJTJCQ2FtcGluYXMlMkItJTJCU1AlMkIxMzAyNS0zMjAlMkMlMkJCcmF6aWwlMjZhbXAlM0JpZSUzRFVURjglMjZhbXAlM0JocSUzRCUyNmFtcCUzQmhuZWFyJTNEQXZlbmlkYSUyQkpvcyUyNUMzJTI1QTklMkJkZSUyQlNvdXphJTJCQ2FtcG9zJTJDJTJCMTA3MyUyQi0lMkJDYW1idSUyNUMzJTI1QUQlMkMlMkJTJTI1QzMlMjVBM28lMkJQYXVsbyUyQyUyQjEzMDI1LTMyMCUyQyUyQkJyYXppbCUyNmFtcCUzQnolM0QxNCUyNmFtcCUzQmxsJTNELTIyLjg5NjMxMSUyQy00Ny4wNDcyMTIlMjZhbXAlM0Jzb3VyY2UlM0RlbWJlZCUyMiUyMHN0eWxlJTNEJTIyY29sb3IlM0ElMjMwMDAwRkYlM0J0ZXh0LWFsaWduJTNBbGVmdCUyMiUzRVZlciUyMG1hcGElMjBtYWlvciUzQyUyRmElM0UlM0MlMkZzbWFsbCUzRQ==&#8221; size=&#8221;450&#8243;][vc_column_text]<\/p>\n<h2>Localiza\u00e7\u00e3o<\/h2>\n<p><span style=\"line-height: 1.5em;\">Possui f\u00e1cil acesso mesmo aos pacientes que vem de outras cidades ou pa\u00edses, pois est\u00e1 localizada em uma das mais importantes avenidas comerciais da Cidade de Campinas.<\/span><\/p>\n<p>Estacionamento no pr\u00f3prio pr\u00e9dio.[\/vc_column_text][contact-form-7 id=&#8221;283&#8243;][\/vc_column][vc_column width=&#8221;1\/3&#8243;][vc_single_image image=&#8221;285&#8243; img_size=&#8221;full&#8221;][vc_column_text]<\/p>\n<h3>Blantus<\/h3>\n<p>Av. Norte Sul 1073 &#8211; Sala 413 &#8211; Ed Helbor Offices<br \/>\nCampinas &#8211; SP<\/p>\n<p>Telefone: (19) 2515-1500[\/vc_column_text][vc_single_image image=&#8221;286&#8243; img_size=&#8221;full&#8221;][\/vc_column][\/vc_row]<\/p>\n","protected":false},"excerpt":{"rendered":"<p>[vc_row][vc_column width=&#8221;2\/3&#8243;][vc_gmaps link=&#8221;#E-8_JTNDaWZyYW1lJTIwd2lkdGglM0QlMjI2OTQlMjIlMjBoZWlnaHQlM0QlMjIzNTAlMjIlMjBmcmFtZWJvcmRlciUzRCUyMjAlMjIlMjBzY3JvbGxpbmclM0QlMjJubyUyMiUyMG1hcmdpbmhlaWdodCUzRCUyMjAlMjIlMjBtYXJnaW53aWR0aCUzRCUyMjAlMjIlMjBzcmMlM0QlMjJodHRwcyUzQSUyRiUyRm1hcHMuZ29vZ2xlLmNvbSUyRm1hcHMlM0Z0JTNEbSUyNmFtcCUzQmhsJTNEZW4tVVMlMjZhbXAlM0JnbCUzRFVTJTI2YW1wJTNCbWFwY2xpZW50JTNEZW1iZWQlMjZhbXAlM0JxJTNEQXZlbmlkYSUyQkpvcyUyNUMzJTI1QTklMkJkZSUyQlNvdXphJTJCQ2FtcG9zJTJDJTJCMTA3MyUyQi0lMkJDYW1idSUyNUMzJTI1QUQlMkJDYW1waW5hcyUyQi0lMkJTUCUyQjEzMDI1LTMyMCUyQyUyQkJyYXppbCUyNmFtcCUzQmllJTNEVVRGOCUyNmFtcCUzQmhxJTNEJTI2YW1wJTNCaG5lYXIlM0RBdmVuaWRhJTJCSm9zJTI1QzMlMjVBOSUyQmRlJTJCU291emElMkJDYW1wb3MlMkMlMkIxMDczJTJCLSUyQkNhbWJ1JTI1QzMlMjVBRCUyQyUyQlMlMjVDMyUyNUEzbyUyQlBhdWxvJTJDJTJCMTMwMjUtMzIwJTJDJTJCQnJhemlsJTI2YW1wJTNCeiUzRDE0JTI2YW1wJTNCbGwlM0QtMjIuODk2MzExJTJDLTQ3LjA0NzIxMiUyNmFtcCUzQm91dHB1dCUzRGVtYmVkJTIyJTNFJTNDJTJGaWZyYW1lJTNFJTNDYnIlMjAlMkYlM0UlM0NzbWFsbCUzRSUzQ2ElMjBocmVmJTNEJTIyaHR0cHMlM0ElMkYlMkZtYXBzLmdvb2dsZS5jb20lMkZtYXBzJTNGdCUzRG0lMjZhbXAlM0JobCUzRGVuLVVTJTI2YW1wJTNCZ2wlM0RVUyUyNmFtcCUzQm1hcGNsaWVudCUzRGVtYmVkJTI2YW1wJTNCcSUzREF2ZW5pZGElMkJKb3MlMjVDMyUyNUE5JTJCZGUlMkJTb3V6YSUyQkNhbXBvcyUyQyUyQjEwNzMlMkItJTJCQ2FtYnUlMjVDMyUyNUFEJTJCQ2FtcGluYXMlMkItJTJCU1AlMkIxMzAyNS0zMjAlMkMlMkJCcmF6aWwlMjZhbXAlM0JpZSUzRFVURjglMjZhbXAlM0JocSUzRCUyNmFtcCUzQmhuZWFyJTNEQXZlbmlkYSUyQkpvcyUyNUMzJTI1QTklMkJkZSUyQlNvdXphJTJCQ2FtcG9zJTJDJTJCMTA3MyUyQi0lMkJDYW1idSUyNUMzJTI1QUQlMkMlMkJTJTI1QzMlMjVBM28lMkJQYXVsbyUyQyUyQjEzMDI1LTMyMCUyQyUyQkJyYXppbCUyNmFtcCUzQnolM0QxNCUyNmFtcCUzQmxsJTNELTIyLjg5NjMxMSUyQy00Ny4wNDcyMTIlMjZhbXAlM0Jzb3VyY2UlM0RlbWJlZCUyMiUyMHN0eWxlJTNEJTIyY29sb3IlM0ElMjMwMDAwRkYlM0J0ZXh0LWFsaWduJTNBbGVmdCUyMiUzRVZlciUyMG1hcGElMjBtYWlvciUzQyUyRmElM0UlM0MlMkZzbWFsbCUzRQ==&#8221; size=&#8221;450&#8243;][vc_column_text] Localiza\u00e7\u00e3o Possui f\u00e1cil acesso mesmo aos pacientes que vem de outras cidades ou pa\u00edses, pois est\u00e1 localizada em uma das mais importantes avenidas comerciais da Cidade de Campinas. Estacionamento no pr\u00f3prio pr\u00e9dio.[\/vc_column_text][contact-form-7 id=&#8221;283&#8243;][\/vc_column][vc_column width=&#8221;1\/3&#8243;][vc_single_image image=&#8221;285&#8243; img_size=&#8221;full&#8221;][vc_column_text] Blantus Av. Norte Sul 1073 &#8211; Sala 413 &#8211; Ed Helbor Offices Campinas &#8211; SP [&hellip;]<\/p>\n","protected":false},"author":2,"featured_media":0,"parent":0,"menu_order":0,"comment_status":"closed","ping_status":"open","template":"template-full-width.php","meta":{"footnotes":""},"class_list":["post-28","page","type-page","status-publish","hentry"],"_links":{"self":[{"href":"https:\/\/blantuss.asapro.com.br\/index.php?rest_route=\/wp\/v2\/pages\/28","targetHints":{"allow":["GET"]}}],"collection":[{"href":"https:\/\/blantuss.asapro.com.br\/index.php?rest_route=\/wp\/v2\/pages"}],"about":[{"href":"https:\/\/blantuss.asapro.com.br\/index.php?rest_route=\/wp\/v2\/types\/page"}],"author":[{"embeddable":true,"href":"https:\/\/blantuss.asapro.com.br\/index.php?rest_route=\/wp\/v2\/users\/2"}],"replies":[{"embeddable":true,"href":"https:\/\/blantuss.asapro.com.br\/index.php?rest_route=%2Fwp%2Fv2%2Fcomments&post=28"}],"version-history":[{"count":14,"href":"https:\/\/blantuss.asapro.com.br\/index.php?rest_route=\/wp\/v2\/pages\/28\/revisions"}],"predecessor-version":[{"id":1849,"href":"https:\/\/blantuss.asapro.com.br\/index.php?rest_route=\/wp\/v2\/pages\/28\/revisions\/1849"}],"wp:attachment":[{"href":"https:\/\/blantuss.asapro.com.br\/index.php?rest_route=%2Fwp%2Fv2%2Fmedia&parent=28"}],"curies":[{"name":"wp","href":"https:\/\/api.w.org\/{rel}","templated":true}]}}