{"id":40,"date":"2014-02-12T18:25:38","date_gmt":"2014-02-12T18:25:38","guid":{"rendered":"https:\/\/blantuss.asapro.com.br\/?page_id=40"},"modified":"2018-02-26T06:19:30","modified_gmt":"2018-02-26T06:19:30","slug":"a-clinica","status":"publish","type":"page","link":"https:\/\/blantuss.asapro.com.br\/?page_id=40","title":{"rendered":"A Cl\u00ednica"},"content":{"rendered":"<p>[vc_row][vc_column width=&#8221;1\/2&#8243;][vc_column_text]A\u00a0<strong>Blantus<\/strong>\u00a0\u00e9 uma Cl\u00ednica Especializada em Endodontia e Microcirurgia. Utiliza dos mais modernos recursos tecnol\u00f3gicos para a preven\u00e7\u00e3o, diagn\u00f3stico e tratamento das infec\u00e7\u00f5es de origem pulpares. Al\u00e9m disso, presta tamb\u00e9m assessoria para outros dentistas no planejamento de casos cl\u00ednicos complexos. Seus profissionais ministram palestras sobre diversos temas da \u00e1rea de endodontia, microcirurgia, microscopia operat\u00f3ria e anestesiologia.<\/p>\n<p>Foi criada para dar suporte exclusivo na \u00e1rea de endodontia para todos os dentistas cl\u00ednicos gerais, periodontistas, implantodontistas e reabilitadores orais. A exclusividade na sua \u00e1rea de atua\u00e7\u00e3o endod\u00f4ntica e microcirurgica a faz \u00fanica e traz seguran\u00e7a para o dentista indicador de que a atua\u00e7\u00e3o da cl\u00ednica se d\u00e1 apenas no suporte de base das reabilita\u00e7\u00f5es. Desta forma n\u00e3o entra em conflito com outras \u00e1reas de atua\u00e7\u00e3o.<\/p>\n<p><span style=\"line-height: 1.5em;\">A sua estrutura f\u00edsica oferece conforto e seguran\u00e7a aos seus pacientes. Oferece aos seus pacientes o conforto e a seguran\u00e7a de serem tratados com seda\u00e7\u00e3o inalat\u00f3ria.<\/span>[\/vc_column_text][vc_column_text]<\/p>\n<h2>Para o cirurgi\u00e3o dentista reabilitador bucal e cl\u00ednico geral:<\/h2>\n<p>A Blantus \u00e9 uma Cl\u00ednica de Endodontia Microsc\u00f3pica Convencional e Micro-cir\u00fargica. A atua\u00e7\u00e3o exclusiva na \u00e1rea de Endodontia n\u00e3o gera problemas \u00e9ticos entre com outros profissionais que trabalham na \u00e1rea reabilitadora ou de dent\u00edstica restauradora.<\/p>\n<p>Sua concep\u00e7\u00e3o e infra-estrutura tecnol\u00f3gica oferece aos reabilitadores orais solu\u00e7\u00f5es endod\u00f4nticas de qualidade para dar a base confi\u00e1vel \u00e0 suas futuras reabilita\u00e7\u00f5es bucal.<\/p>\n<p>A cl\u00ednica \u00e9 especializada na resolu\u00e7\u00e3o de casos endod\u00f4nticos complexos envolvendo dentes com perfura\u00e7\u00e3o radicular, grandes curvaturas, presen\u00e7a de pinos intrarradiculares, infec\u00e7\u00f5es persistentes, desvios de canais bem como canais entupidos e n\u00e3o localizados, diagn\u00f3sticos de dor e infec\u00e7\u00e3o e tratamento de pacientes com dificuldades de atingir anestesia adequada al\u00e9m do atendimento a pacientes f\u00f3bicos.<\/p>\n<p>Al\u00e9m da endodontia convecional, a Blantus possui solu\u00e7\u00f5es Microcir\u00fargicas Endod\u00f4nticas para a resolu\u00e7\u00e3o de insucessos endod\u00f4nticos de tratamentos endod\u00f4nticos j\u00e1 realizados evitando a perda de elementos dentais.[\/vc_column_text][\/vc_column][vc_column width=&#8221;1\/2&#8243;][vc_single_image image=&#8221;354&#8243; border_color=&#8221;grey&#8221; img_link_target=&#8221;_self&#8221; img_size=&#8221;full&#8221;][vc_single_image image=&#8221;355&#8243; border_color=&#8221;grey&#8221; img_link_target=&#8221;_self&#8221; img_size=&#8221;full&#8221;][vc_single_image image=&#8221;356&#8243; border_color=&#8221;grey&#8221; img_link_target=&#8221;_self&#8221; img_size=&#8221;full&#8221;][vc_single_image image=&#8221;277&#8243; border_color=&#8221;grey&#8221; img_link_target=&#8221;_self&#8221; img_size=&#8221;full&#8221;][\/vc_column][\/vc_row]<\/p>\n","protected":false},"excerpt":{"rendered":"<p>[vc_row][vc_column width=&#8221;1\/2&#8243;][vc_column_text]A\u00a0Blantus\u00a0\u00e9 uma Cl\u00ednica Especializada em Endodontia e Microcirurgia. Utiliza dos mais modernos recursos tecnol\u00f3gicos para a preven\u00e7\u00e3o, diagn\u00f3stico e tratamento das infec\u00e7\u00f5es de origem pulpares. Al\u00e9m disso, presta tamb\u00e9m assessoria para outros dentistas no planejamento de casos cl\u00ednicos complexos. Seus profissionais ministram palestras sobre diversos temas da \u00e1rea de endodontia, microcirurgia, microscopia operat\u00f3ria e [&hellip;]<\/p>\n","protected":false},"author":2,"featured_media":0,"parent":0,"menu_order":0,"comment_status":"closed","ping_status":"closed","template":"template-full-width.php","meta":{"footnotes":""},"class_list":["post-40","page","type-page","status-publish","hentry"],"_links":{"self":[{"href":"https:\/\/blantuss.asapro.com.br\/index.php?rest_route=\/wp\/v2\/pages\/40","targetHints":{"allow":["GET"]}}],"collection":[{"href":"https:\/\/blantuss.asapro.com.br\/index.php?rest_route=\/wp\/v2\/pages"}],"about":[{"href":"https:\/\/blantuss.asapro.com.br\/index.php?rest_route=\/wp\/v2\/types\/page"}],"author":[{"embeddable":true,"href":"https:\/\/blantuss.asapro.com.br\/index.php?rest_route=\/wp\/v2\/users\/2"}],"replies":[{"embeddable":true,"href":"https:\/\/blantuss.asapro.com.br\/index.php?rest_route=%2Fwp%2Fv2%2Fcomments&post=40"}],"version-history":[{"count":12,"href":"https:\/\/blantuss.asapro.com.br\/index.php?rest_route=\/wp\/v2\/pages\/40\/revisions"}],"predecessor-version":[{"id":373,"href":"https:\/\/blantuss.asapro.com.br\/index.php?rest_route=\/wp\/v2\/pages\/40\/revisions\/373"}],"wp:attachment":[{"href":"https:\/\/blantuss.asapro.com.br\/index.php?rest_route=%2Fwp%2Fv2%2Fmedia&parent=40"}],"curies":[{"name":"wp","href":"https:\/\/api.w.org\/{rel}","templated":true}]}}